{"id":785,"date":"2023-10-18T08:12:08","date_gmt":"2023-10-18T08:12:08","guid":{"rendered":"https:\/\/travemoclub.com\/sobre-nosotros\/"},"modified":"2024-07-22T10:18:22","modified_gmt":"2024-07-22T10:18:22","slug":"sobre-nosotros","status":"publish","type":"page","link":"https:\/\/travemoclub.com\/es\/sobre-nosotros\/","title":{"rendered":"Sobre nosotros"},"content":{"rendered":"\n<div class=\"wp-block-group about-title\"><div class=\"wp-block-group__inner-container is-layout-constrained wp-block-group-is-layout-constrained\">\n<h2 class=\"wp-block-heading\">Somos su socio de confianza en la gesti\u00f3n de destinos para dise\u00f1ar experiencias de viaje inolvidables para nuestros clientes.<\/h2>\n<\/div><\/div>\n\n<div class=\"wp-block-group about-text\"><div class=\"wp-block-group__inner-container is-layout-constrained wp-block-group-is-layout-constrained\">\n<p>Travemo Club es un experto en gesti\u00f3n de destinos que crea experiencias inolvidables para los viajeros que desean explorar Croacia y el sudeste de Europa.<\/p>\n\n\n\n<p>Nuestra pasi\u00f3n es crear experiencias de viaje personalizadas y \u00fanicas que superen las expectativas de nuestros clientes\/pasajeros. A trav\u00e9s de experiencia, confiabilidad y atenci\u00f3n al detalle, Travemo Club crea no solo paquetes tur\u00edsticos, sino tambi\u00e9n amistades y recuerdos que los viajeros llevar\u00e1n consigo por el resto de sus vidas. Con a\u00f1os de experiencia trabajando en la industria de viajes, nuestro equipo ha desarrollado conocimientos y experiencia internos para seleccionar itinerarios de viaje personalizados que se adapten a las necesidades y deseos espec\u00edficos de nuestros clientes.<\/p>\n<\/div><\/div>\n\n<div class=\"wp-block-group about-text\"><div class=\"wp-block-group__inner-container is-layout-constrained wp-block-group-is-layout-constrained\">\n<p>En nuestra agencia, ofrecemos una gama de servicios para garantizar que se atiendan todos los aspectos de su experiencia de viaje. Nos enorgullecemos de incluir los nuevos lugares de moda en el mapa de viajes, incluidos los inmaculados centros mediterr\u00e1neos de Croacia y Montenegro, los pintorescos entornos alpinos de Eslovenia y destinos nuevos y ex\u00f3ticos como Bosnia y Herzegovina, Serbia, Kosovo, Albania y Macedonia del Norte. .<\/p>\n\n\n\n<p>En TRAVEMO CLUB, nos enorgullecemos de ser una ventanilla \u00fanica para nuestros socios, elaborando cuidadosamente programas personalizados para garantizar que nuestros clientes obtengan lo mejor de su viaje. Entonces, \u00bfpor qu\u00e9 no unirse a nosotros para vivir la experiencia de su vida?<\/p>\n\n\n\n<p>Perm\u00edtanos mostrarle la magia de los Balcanes Occidentales y crear recuerdos inolvidables que durar\u00e1n toda la vida.<\/p>\n<\/div><\/div>\n","protected":false},"excerpt":{"rendered":"<p>Somos su socio de confianza en la gesti\u00f3n de destinos para dise\u00f1ar experiencias de viaje inolvidables para nuestros clientes. Travemo Club es un experto en gesti\u00f3n de destinos que crea experiencias inolvidables para los viajeros que desean explorar Croacia y el sudeste de Europa. Nuestra pasi\u00f3n es crear experiencias de viaje personalizadas y \u00fanicas que [&hellip;]<\/p>\n","protected":false},"author":1,"featured_media":0,"parent":0,"menu_order":0,"comment_status":"closed","ping_status":"closed","template":"template-about-us.php","meta":{"_acf_changed":false,"footnotes":""},"class_list":["post-785","page","type-page","status-publish","hentry"],"acf":[],"_links":{"self":[{"href":"https:\/\/travemoclub.com\/es\/wp-json\/wp\/v2\/pages\/785","targetHints":{"allow":["GET"]}}],"collection":[{"href":"https:\/\/travemoclub.com\/es\/wp-json\/wp\/v2\/pages"}],"about":[{"href":"https:\/\/travemoclub.com\/es\/wp-json\/wp\/v2\/types\/page"}],"author":[{"embeddable":true,"href":"https:\/\/travemoclub.com\/es\/wp-json\/wp\/v2\/users\/1"}],"replies":[{"embeddable":true,"href":"https:\/\/travemoclub.com\/es\/wp-json\/wp\/v2\/comments?post=785"}],"version-history":[{"count":0,"href":"https:\/\/travemoclub.com\/es\/wp-json\/wp\/v2\/pages\/785\/revisions"}],"wp:attachment":[{"href":"https:\/\/travemoclub.com\/es\/wp-json\/wp\/v2\/media?parent=785"}],"curies":[{"name":"wp","href":"https:\/\/api.w.org\/{rel}","templated":true}]}}