{"id":863,"date":"2023-10-18T08:15:14","date_gmt":"2023-10-18T08:15:14","guid":{"rendered":"https:\/\/travemoclub.com\/autor-de-la-foto\/"},"modified":"2024-07-23T07:26:46","modified_gmt":"2024-07-23T07:26:46","slug":"autor-de-la-foto","status":"publish","type":"page","link":"https:\/\/travemoclub.com\/es\/autor-de-la-foto\/","title":{"rendered":"Autor de la foto"},"content":{"rendered":"\n<p>Park prirode Tela\u0161cica &#8211; Zoran Jela\u010da [izvor: HTZ https:\/\/galerija.croatia.hr\/]<\/p>\n\n<p>Crveno jezero, Imotski &#8211; Zoran Jela\u010da [izvor: HTZ https:\/\/galerija.croatia.hr\/]<\/p>\n\n<p>\u0160vi\u0107ko jezero, Lika &#8211; Zoran Jela\u010da [izvor: HTZ https:\/\/galerija.croatia.hr\/]<\/p>\n\n<p>Ekomuzej Batana, Rovinj &#8211; Julien Duval [izvor: HTZ https:\/\/galerija.croatia.hr\/]<\/p>\n\n<p>Dubrovnik &#8211; Luka Esenko [izvor: HTZ https:\/\/galerija.croatia.hr\/]<\/p>\n\n<p>Arena, Pula &#8211; Ivan \u0160ardi [izvor: HTZ https:\/\/galerija.croatia.hr\/]<\/p>\n\n<p>Amfore &#8211; Edivo Winery [izvor: https:\/\/www.edivovina.hr\/gallery]<\/p>\n\n<p>Lojena, Kornati &#8211; Aleksandar Gospi\u0107 [izvor: https:\/\/www.edivovina.hr\/gallery]<\/p>\n\n<p>Salzburg &#8211; Simon Berger [izvor: Unsplash]<\/p>\n\n<p>Split, Peristil &#8211; Mana [izvor: Unsplash]<\/p>\n\n<p>Budapest &#8211; Ervin Lukacs [izvor: Unsplash]<\/p>\n\n<p>Budapest &#8211; Vlad Namashko [izvor: Unsplash]<\/p>\n\n<p>Budapest, Sz\u00e9chenyi Thermal Bath &#8211; Elijah G [izvor: Unsplash]<\/p>\n\n<p>Matka, Macedonia &#8211; Nikolina Mickovska [izvor: Unsplash]<\/p>\n\n<p>Mavrovo, Macedonia &#8211; Slavcho Malezanov [izvor: Unsplash]<\/p>\n\n<p>Kosovo &#8211; Mrika Selimi [izvor: Unsplash]<\/p>\n\n<p>Pristina &#8211; \u015eenad Kahraman [izvor: Pexels]<\/p>\n","protected":false},"excerpt":{"rendered":"<p>Park prirode Tela\u0161cica &#8211; Zoran Jela\u010da [izvor: HTZ https:\/\/galerija.croatia.hr\/] Crveno jezero, Imotski &#8211; Zoran Jela\u010da [izvor: HTZ https:\/\/galerija.croatia.hr\/] \u0160vi\u0107ko jezero, Lika &#8211; Zoran Jela\u010da [izvor: HTZ https:\/\/galerija.croatia.hr\/] Ekomuzej Batana, Rovinj &#8211; Julien Duval [izvor: HTZ https:\/\/galerija.croatia.hr\/] Dubrovnik &#8211; Luka Esenko [izvor: HTZ https:\/\/galerija.croatia.hr\/] Arena, Pula &#8211; Ivan \u0160ardi [izvor: HTZ https:\/\/galerija.croatia.hr\/] Amfore &#8211; Edivo Winery [&hellip;]<\/p>\n","protected":false},"author":1,"featured_media":0,"parent":0,"menu_order":0,"comment_status":"closed","ping_status":"closed","template":"template-photo-credit.php","meta":{"_acf_changed":false,"footnotes":""},"class_list":["post-863","page","type-page","status-publish","hentry"],"acf":[],"_links":{"self":[{"href":"https:\/\/travemoclub.com\/es\/wp-json\/wp\/v2\/pages\/863","targetHints":{"allow":["GET"]}}],"collection":[{"href":"https:\/\/travemoclub.com\/es\/wp-json\/wp\/v2\/pages"}],"about":[{"href":"https:\/\/travemoclub.com\/es\/wp-json\/wp\/v2\/types\/page"}],"author":[{"embeddable":true,"href":"https:\/\/travemoclub.com\/es\/wp-json\/wp\/v2\/users\/1"}],"replies":[{"embeddable":true,"href":"https:\/\/travemoclub.com\/es\/wp-json\/wp\/v2\/comments?post=863"}],"version-history":[{"count":0,"href":"https:\/\/travemoclub.com\/es\/wp-json\/wp\/v2\/pages\/863\/revisions"}],"wp:attachment":[{"href":"https:\/\/travemoclub.com\/es\/wp-json\/wp\/v2\/media?parent=863"}],"curies":[{"name":"wp","href":"https:\/\/api.w.org\/{rel}","templated":true}]}}