{"id":877,"date":"2023-10-18T08:13:38","date_gmt":"2023-10-18T08:13:38","guid":{"rendered":"https:\/\/travemoclub.com\/aviso-legal\/"},"modified":"2024-07-23T07:37:40","modified_gmt":"2024-07-23T07:37:40","slug":"aviso-legal","status":"publish","type":"page","link":"https:\/\/travemoclub.com\/es\/aviso-legal\/","title":{"rendered":"Aviso legal"},"content":{"rendered":"\n<figure class=\"wp-block-table\"><table><tbody><tr><td>Nombre de empresa<\/td><td>TRAVEMO CLUB D.O.O.<\/td><\/tr><tr><td>Abreviatura<\/td><td>TRAVEMO CLUB D.O.O.<\/td><\/tr><tr><td>Forma jur\u00eddica de la empresa.<\/td><td>una compa\u00f1\u00eda de responsabilidad limitada<\/td><\/tr><tr><td>Sede<\/td><td>Zagreb, Croacia<\/td><\/tr><tr><td>Direcci\u00f3n de la empresa<\/td><td>Avenija Marina Dr\u017ei\u0107a 4, Zagreb<\/td><\/tr><tr><td>Horas Laborales<\/td><td>Lun-vie 09:00-17:00 h<\/td><\/tr><tr><td>Contacto<\/td><td>Tel: +385 99 630 1412<br\/>E-mail: <a href=\"mailto:info@travemoclub.com\">info@travemoclub.com<\/a><\/td><\/tr><tr><td>Registro comercial<\/td><td>Tribunal de Comercio de Zagreb<\/td><\/tr><tr><td>MBS<\/td><td>081498399<\/td><\/tr><tr><td>OIB<\/td><td>14376864563<\/td><\/tr><tr><td>VAT<\/td><td>HR14376864563<\/td><\/tr><tr><td>Capital social<\/td><td>2600,00 EUR, pagado en su totalidad<\/td><\/tr><tr><td>Miembro del Consejo<\/td><td><\/td><\/tr><tr><td>Gerente<\/td><td>Silvija Balda\u0161<\/td><\/tr><tr><td>C\u00f3digo de cuenta<\/td><td>ZAGREBA\u010cKA BANKA d.d.,<br\/>TRG BANA JOSIPA JELA\u010cI\u0106A 10, 10000 ZAGREB, CROATIA<br\/>IBAN: HR6223600001103057937<br\/>Swift Code: ZABAHR2X<\/td><\/tr><tr><td>La autoridad competente a la que estamos sujetos a supervisi\u00f3n oficial<\/td><td>Dr\u017eavni inspektorat<br\/>Turisti\u010dka inspekcija<br\/>\u0160ubi\u0107eva 29, 10 000 Zagreb<\/td><\/tr><tr><td>Enlaces<\/td><td><a href=\"https:\/\/travemoclub.com\/es\/terminos-generales-y-condiciones\/\">T\u00e9rminos y condiciones generales<\/a><br\/><a href=\"https:\/\/travemoclub.com\/opci-uvjeti-poslovanja\/\">Op\u0107i Uvjeti Poslovanja<\/a><\/td><\/tr><\/tbody><\/table><\/figure>\n","protected":false},"excerpt":{"rendered":"<p>Nombre de empresa TRAVEMO CLUB D.O.O. Abreviatura TRAVEMO CLUB D.O.O. Forma jur\u00eddica de la empresa. una compa\u00f1\u00eda de responsabilidad limitada Sede Zagreb, Croacia Direcci\u00f3n de la empresa Avenija Marina Dr\u017ei\u0107a 4, Zagreb Horas Laborales Lun-vie 09:00-17:00 h Contacto Tel: +385 99 630 1412E-mail: info@travemoclub.com Registro comercial Tribunal de Comercio de Zagreb MBS 081498399 OIB 14376864563 [&hellip;]<\/p>\n","protected":false},"author":1,"featured_media":0,"parent":0,"menu_order":0,"comment_status":"closed","ping_status":"closed","template":"template-impressum.php","meta":{"_acf_changed":false,"footnotes":""},"class_list":["post-877","page","type-page","status-publish","hentry"],"acf":[],"_links":{"self":[{"href":"https:\/\/travemoclub.com\/es\/wp-json\/wp\/v2\/pages\/877","targetHints":{"allow":["GET"]}}],"collection":[{"href":"https:\/\/travemoclub.com\/es\/wp-json\/wp\/v2\/pages"}],"about":[{"href":"https:\/\/travemoclub.com\/es\/wp-json\/wp\/v2\/types\/page"}],"author":[{"embeddable":true,"href":"https:\/\/travemoclub.com\/es\/wp-json\/wp\/v2\/users\/1"}],"replies":[{"embeddable":true,"href":"https:\/\/travemoclub.com\/es\/wp-json\/wp\/v2\/comments?post=877"}],"version-history":[{"count":0,"href":"https:\/\/travemoclub.com\/es\/wp-json\/wp\/v2\/pages\/877\/revisions"}],"wp:attachment":[{"href":"https:\/\/travemoclub.com\/es\/wp-json\/wp\/v2\/media?parent=877"}],"curies":[{"name":"wp","href":"https:\/\/api.w.org\/{rel}","templated":true}]}}